{"id":27,"date":"2017-10-04T14:31:14","date_gmt":"2017-10-04T14:31:14","guid":{"rendered":"http:\/\/josehuerta.fr\/?page_id=27"},"modified":"2017-12-28T18:21:34","modified_gmt":"2017-12-28T18:21:34","slug":"contact","status":"publish","type":"page","link":"http:\/\/josehuerta.fr\/?page_id=27","title":{"rendered":"Contact"},"content":{"rendered":"<p><img loading=\"lazy\" decoding=\"async\" class=\"wp-image-1274 alignleft\" src=\"http:\/\/josehuerta.fr\/wp-content\/uploads\/2017\/12\/jose_dessin-201x300.jpg\" alt=\"\" width=\"128\" height=\"191\" srcset=\"http:\/\/josehuerta.fr\/wp-content\/uploads\/2017\/12\/jose_dessin-201x300.jpg 201w, http:\/\/josehuerta.fr\/wp-content\/uploads\/2017\/12\/jose_dessin-768x1144.jpg 768w, http:\/\/josehuerta.fr\/wp-content\/uploads\/2017\/12\/jose_dessin-687x1024.jpg 687w, http:\/\/josehuerta.fr\/wp-content\/uploads\/2017\/12\/jose_dessin.jpg 1124w\" sizes=\"auto, (max-width: 128px) 100vw, 128px\" \/><\/p>\n<p>Vous souhaitez avoir de plus amples informations sur mes activit\u00e9s, vous r\u00e9alisez un film, un montage, n&rsquo;h\u00e9sitez pas \u00e0 me contacter :\u00a0<span class=\"style_1\">06 20 87 71 18<\/span><\/p>\n<div class=\"copy-paste-block\">Si vous souhaitez entrer en contact avec moi, il vous suffit d&rsquo;envoyer un mail \u00e0 l&rsquo;adresse ci-dessous.<br \/>\nJe me ferais un plaisir de vous r\u00e9pondre le plus rapidement possible.<\/div>\n<h3><a href=\"mailto:huerta.josito@gmail.com\">huerta.josito@gmail.com<\/a><\/h3>\n<h6>L&rsquo;ancien site de ma soci\u00e9t\u00e9 de production et de r\u00e9alisation <a href=\"http:\/\/www.vagalume.fr\/\" target=\"_blank\" rel=\"noopener\">Vagalume productions<\/a> (n\u00e9cessite le plugin Flash).<\/h6>\n","protected":false},"excerpt":{"rendered":"<p>Vous souhaitez avoir de plus amples informations sur mes activit\u00e9s, vous r\u00e9alisez un film, un montage, n&rsquo;h\u00e9sitez pas \u00e0 me contacter :\u00a006 20 87 71 18 Si vous souhaitez entrer en contact avec moi, il vous suffit d&rsquo;envoyer un mail \u00e0 l&rsquo;adresse ci-dessous. Je me ferais un plaisir de vous r\u00e9pondre le plus rapidement possible. [&hellip;]<\/p>\n","protected":false},"author":1,"featured_media":0,"parent":0,"menu_order":0,"comment_status":"closed","ping_status":"closed","template":"","meta":{"footnotes":""},"class_list":["post-27","page","type-page","status-publish","hentry"],"_links":{"self":[{"href":"http:\/\/josehuerta.fr\/index.php?rest_route=\/wp\/v2\/pages\/27","targetHints":{"allow":["GET"]}}],"collection":[{"href":"http:\/\/josehuerta.fr\/index.php?rest_route=\/wp\/v2\/pages"}],"about":[{"href":"http:\/\/josehuerta.fr\/index.php?rest_route=\/wp\/v2\/types\/page"}],"author":[{"embeddable":true,"href":"http:\/\/josehuerta.fr\/index.php?rest_route=\/wp\/v2\/users\/1"}],"replies":[{"embeddable":true,"href":"http:\/\/josehuerta.fr\/index.php?rest_route=%2Fwp%2Fv2%2Fcomments&post=27"}],"version-history":[{"count":16,"href":"http:\/\/josehuerta.fr\/index.php?rest_route=\/wp\/v2\/pages\/27\/revisions"}],"predecessor-version":[{"id":1277,"href":"http:\/\/josehuerta.fr\/index.php?rest_route=\/wp\/v2\/pages\/27\/revisions\/1277"}],"wp:attachment":[{"href":"http:\/\/josehuerta.fr\/index.php?rest_route=%2Fwp%2Fv2%2Fmedia&parent=27"}],"curies":[{"name":"wp","href":"https:\/\/api.w.org\/{rel}","templated":true}]}}